{"id":15,"date":"2025-04-21T05:24:36","date_gmt":"2025-04-21T04:24:36","guid":{"rendered":"https:\/\/foa-ao.com\/?page_id=15"},"modified":"2025-06-15T08:11:41","modified_gmt":"2025-06-15T07:11:41","slug":"servicos","status":"publish","type":"page","link":"https:\/\/foa-ao.com\/index.php\/servicos\/","title":{"rendered":"Servi\u00e7os"},"content":{"rendered":"\t\t<div data-elementor-type=\"wp-page\" data-elementor-id=\"15\" class=\"elementor elementor-15\">\n\t\t\t\t<div class=\"elementor-element elementor-element-e47887f e-flex e-con-boxed wpr-particle-no wpr-jarallax-no wpr-parallax-no wpr-sticky-section-no e-con e-parent\" data-id=\"e47887f\" data-element_type=\"container\">\n\t\t\t\t\t<div class=\"e-con-inner\">\n\t\t\t\t<div class=\"elementor-element elementor-element-11e14ef elementor-widget elementor-widget-heading\" data-id=\"11e14ef\" data-element_type=\"widget\" data-widget_type=\"heading.default\">\n\t\t\t\t<div class=\"elementor-widget-container\">\n\t\t\t\t\t<h2 class=\"elementor-heading-title elementor-size-default\">O NOSSO UNICO QUASE, \u00c9 QUASE PERFEITO<\/h2>\t\t\t\t<\/div>\n\t\t\t\t<\/div>\n\t\t\t\t<div class=\"elementor-element elementor-element-5f19f1e elementor-widget elementor-widget-text-editor\" data-id=\"5f19f1e\" data-element_type=\"widget\" data-widget_type=\"text-editor.default\">\n\t\t\t\t<div class=\"elementor-widget-container\">\n\t\t\t\t\t\t\t\t\t<p>Buscamos excel\u00eancia em tudo aquilo que fazemos e nossos servi\u00e7os s\u00e3o a prova ideal disso, queremos chegar o mais perto possivel da perfei\u00e7\u00e3o.<\/p>\t\t\t\t\t\t\t\t<\/div>\n\t\t\t\t<\/div>\n\t\t\t\t\t<\/div>\n\t\t\t\t<\/div>\n\t\t<div class=\"elementor-element elementor-element-90b67ab e-flex e-con-boxed wpr-particle-no wpr-jarallax-no wpr-parallax-no wpr-sticky-section-no e-con e-parent\" data-id=\"90b67ab\" data-element_type=\"container\">\n\t\t\t\t\t<div class=\"e-con-inner\">\n\t\t<div class=\"elementor-element elementor-element-210c097 e-con-full e-flex wpr-particle-no wpr-jarallax-no wpr-parallax-no wpr-sticky-section-no e-con e-child\" data-id=\"210c097\" data-element_type=\"container\">\n\t\t\t\t<div class=\"elementor-element elementor-element-f9dc8f9 elementor-invisible elementor-widget elementor-widget-heading\" data-id=\"f9dc8f9\" data-element_type=\"widget\" data-settings=\"{&quot;_animation&quot;:&quot;slideInLeft&quot;}\" data-widget_type=\"heading.default\">\n\t\t\t\t<div class=\"elementor-widget-container\">\n\t\t\t\t\t<h2 class=\"elementor-heading-title elementor-size-default\">Engenharia e Constru\u00e7\u00e3o Civil<\/h2>\t\t\t\t<\/div>\n\t\t\t\t<\/div>\n\t\t\t\t<div class=\"elementor-element elementor-element-0327062 elementor-invisible elementor-widget elementor-widget-text-editor\" data-id=\"0327062\" data-element_type=\"widget\" data-settings=\"{&quot;_animation&quot;:&quot;fadeInUp&quot;}\" data-widget_type=\"text-editor.default\">\n\t\t\t\t<div class=\"elementor-widget-container\">\n\t\t\t\t\t\t\t\t\t<ul><li><span class=\"fontstyle0\">Planejamento e execu\u00e7\u00e3o de<br \/>projetos residenciais,<br \/>comerciais e industriais;<\/span><\/li><li><span class=\"fontstyle0\">Foco na qualidade, inova\u00e7\u00e3o e<br \/>conformidade com as normas<br \/>t\u00e9cnicas e ambientais;<\/span><\/li><li><span class=\"fontstyle0\">Uso de materiais e t\u00e9cnicas de<br \/>constru\u00e7\u00e3o sustent\u00e1veis<\/span><\/li><\/ul>\t\t\t\t\t\t\t\t<\/div>\n\t\t\t\t<\/div>\n\t\t\t\t<\/div>\n\t\t<div class=\"elementor-element elementor-element-d079b64 e-con-full e-flex wpr-particle-no wpr-jarallax-no wpr-parallax-no wpr-sticky-section-no e-con e-child\" data-id=\"d079b64\" data-element_type=\"container\">\n\t\t\t\t<div class=\"elementor-element elementor-element-2169b5f elementor-invisible elementor-widget elementor-widget-image\" data-id=\"2169b5f\" data-element_type=\"widget\" data-settings=\"{&quot;_animation&quot;:&quot;bounceInUp&quot;}\" data-widget_type=\"image.default\">\n\t\t\t\t<div class=\"elementor-widget-container\">\n\t\t\t\t\t\t\t\t\t\t\t\t\t\t\t<img fetchpriority=\"high\" decoding=\"async\" width=\"800\" height=\"640\" src=\"https:\/\/foa-ao.com\/wp-content\/uploads\/2025\/06\/engenharia-e-construcao-civil-1024x819.png\" class=\"attachment-large size-large wp-image-245\" alt=\"\" srcset=\"https:\/\/foa-ao.com\/wp-content\/uploads\/2025\/06\/engenharia-e-construcao-civil-1024x819.png 1024w, https:\/\/foa-ao.com\/wp-content\/uploads\/2025\/06\/engenharia-e-construcao-civil-300x240.png 300w, https:\/\/foa-ao.com\/wp-content\/uploads\/2025\/06\/engenharia-e-construcao-civil-768x614.png 768w, https:\/\/foa-ao.com\/wp-content\/uploads\/2025\/06\/engenharia-e-construcao-civil.png 1350w\" sizes=\"(max-width: 800px) 100vw, 800px\" \/>\t\t\t\t\t\t\t\t\t\t\t\t\t\t\t<\/div>\n\t\t\t\t<\/div>\n\t\t\t\t<\/div>\n\t\t\t\t\t<\/div>\n\t\t\t\t<\/div>\n\t\t<div class=\"elementor-element elementor-element-7faaaa7 e-flex e-con-boxed wpr-particle-no wpr-jarallax-no wpr-parallax-no wpr-sticky-section-no e-con e-parent\" data-id=\"7faaaa7\" data-element_type=\"container\">\n\t\t\t\t\t<div class=\"e-con-inner\">\n\t\t<div class=\"elementor-element elementor-element-e162bf4 e-con-full e-flex wpr-particle-no wpr-jarallax-no wpr-parallax-no wpr-sticky-section-no e-con e-child\" data-id=\"e162bf4\" data-element_type=\"container\">\n\t\t\t\t<div class=\"elementor-element elementor-element-b70695d elementor-invisible elementor-widget elementor-widget-image\" data-id=\"b70695d\" data-element_type=\"widget\" data-settings=\"{&quot;_animation&quot;:&quot;fadeInRight&quot;}\" data-widget_type=\"image.default\">\n\t\t\t\t<div class=\"elementor-widget-container\">\n\t\t\t\t\t\t\t\t\t\t\t\t\t\t\t<img decoding=\"async\" width=\"800\" height=\"640\" src=\"https:\/\/foa-ao.com\/wp-content\/uploads\/2025\/06\/Infraestruturas-e-Obras-Publicas-1024x819.png\" class=\"attachment-large size-large wp-image-248\" alt=\"\" srcset=\"https:\/\/foa-ao.com\/wp-content\/uploads\/2025\/06\/Infraestruturas-e-Obras-Publicas-1024x819.png 1024w, https:\/\/foa-ao.com\/wp-content\/uploads\/2025\/06\/Infraestruturas-e-Obras-Publicas-300x240.png 300w, https:\/\/foa-ao.com\/wp-content\/uploads\/2025\/06\/Infraestruturas-e-Obras-Publicas-768x614.png 768w, https:\/\/foa-ao.com\/wp-content\/uploads\/2025\/06\/Infraestruturas-e-Obras-Publicas.png 1350w\" sizes=\"(max-width: 800px) 100vw, 800px\" \/>\t\t\t\t\t\t\t\t\t\t\t\t\t\t\t<\/div>\n\t\t\t\t<\/div>\n\t\t\t\t<\/div>\n\t\t<div class=\"elementor-element elementor-element-12593a0 e-con-full e-flex wpr-particle-no wpr-jarallax-no wpr-parallax-no wpr-sticky-section-no e-con e-child\" data-id=\"12593a0\" data-element_type=\"container\">\n\t\t\t\t<div class=\"elementor-element elementor-element-ae413c6 elementor-invisible elementor-widget elementor-widget-heading\" data-id=\"ae413c6\" data-element_type=\"widget\" data-settings=\"{&quot;_animation&quot;:&quot;fadeInLeft&quot;}\" data-widget_type=\"heading.default\">\n\t\t\t\t<div class=\"elementor-widget-container\">\n\t\t\t\t\t<h2 class=\"elementor-heading-title elementor-size-default\">Infraestruturas e Obras P\u00fablicas<\/h2>\t\t\t\t<\/div>\n\t\t\t\t<\/div>\n\t\t\t\t<div class=\"elementor-element elementor-element-f86e296 elementor-invisible elementor-widget elementor-widget-text-editor\" data-id=\"f86e296\" data-element_type=\"widget\" data-settings=\"{&quot;_animation&quot;:&quot;fadeInUp&quot;}\" data-widget_type=\"text-editor.default\">\n\t\t\t\t<div class=\"elementor-widget-container\">\n\t\t\t\t\t\t\t\t\t<ul><li>Execu\u00e7\u00e3o de projetos de saneamento, pavimenta\u00e7\u00e3o e obras vi\u00e1rias.<\/li><li>Desenvolvimento urbano e melhoria da qualidade de vida;<\/li><li>Solu\u00e7\u00f5es para infraestruturas de grande porte;<\/li><\/ul>\t\t\t\t\t\t\t\t<\/div>\n\t\t\t\t<\/div>\n\t\t\t\t<\/div>\n\t\t\t\t\t<\/div>\n\t\t\t\t<\/div>\n\t\t<div class=\"elementor-element elementor-element-365dd31 e-flex e-con-boxed wpr-particle-no wpr-jarallax-no wpr-parallax-no wpr-sticky-section-no e-con e-parent\" data-id=\"365dd31\" data-element_type=\"container\">\n\t\t\t\t\t<div class=\"e-con-inner\">\n\t\t<div class=\"elementor-element elementor-element-0739222 e-con-full e-flex wpr-particle-no wpr-jarallax-no wpr-parallax-no wpr-sticky-section-no e-con e-child\" data-id=\"0739222\" data-element_type=\"container\">\n\t\t\t\t<div class=\"elementor-element elementor-element-debe748 elementor-invisible elementor-widget elementor-widget-heading\" data-id=\"debe748\" data-element_type=\"widget\" data-settings=\"{&quot;_animation&quot;:&quot;fadeIn&quot;}\" data-widget_type=\"heading.default\">\n\t\t\t\t<div class=\"elementor-widget-container\">\n\t\t\t\t\t<h2 class=\"elementor-heading-title elementor-size-default\">Manuten\u00e7\u00e3o e Reablita\u00e7\u00e3o de edificios<\/h2>\t\t\t\t<\/div>\n\t\t\t\t<\/div>\n\t\t\t\t<div class=\"elementor-element elementor-element-17e89d9 elementor-invisible elementor-widget elementor-widget-text-editor\" data-id=\"17e89d9\" data-element_type=\"widget\" data-settings=\"{&quot;_animation&quot;:&quot;fadeInLeft&quot;}\" data-widget_type=\"text-editor.default\">\n\t\t\t\t<div class=\"elementor-widget-container\">\n\t\t\t\t\t\t\t\t\t<ul><li>Diagn\u00f3stico e refor\u00e7o estrutural de edificios;<\/li><li>Moderniza\u00e7\u00e3o e reabilita\u00e7\u00e3o de infraestruturas;<\/li><li>Grantia de maior longevidade e seguran\u00e7a das constru\u00e7\u00f5es.<\/li><\/ul>\t\t\t\t\t\t\t\t<\/div>\n\t\t\t\t<\/div>\n\t\t\t\t<\/div>\n\t\t<div class=\"elementor-element elementor-element-8f7f4c3 e-con-full e-flex wpr-particle-no wpr-jarallax-no wpr-parallax-no wpr-sticky-section-no e-con e-child\" data-id=\"8f7f4c3\" data-element_type=\"container\">\n\t\t\t\t<div class=\"elementor-element elementor-element-9d42966 elementor-invisible elementor-widget elementor-widget-image\" data-id=\"9d42966\" data-element_type=\"widget\" data-settings=\"{&quot;_animation&quot;:&quot;fadeInUp&quot;}\" data-widget_type=\"image.default\">\n\t\t\t\t<div class=\"elementor-widget-container\">\n\t\t\t\t\t\t\t\t\t\t\t\t\t\t\t<img decoding=\"async\" width=\"800\" height=\"640\" src=\"https:\/\/foa-ao.com\/wp-content\/uploads\/2025\/06\/Manutencao-e-Reabilitacao-de-edificios-1024x819.png\" class=\"attachment-large size-large wp-image-249\" alt=\"\" srcset=\"https:\/\/foa-ao.com\/wp-content\/uploads\/2025\/06\/Manutencao-e-Reabilitacao-de-edificios-1024x819.png 1024w, https:\/\/foa-ao.com\/wp-content\/uploads\/2025\/06\/Manutencao-e-Reabilitacao-de-edificios-300x240.png 300w, https:\/\/foa-ao.com\/wp-content\/uploads\/2025\/06\/Manutencao-e-Reabilitacao-de-edificios-768x614.png 768w, https:\/\/foa-ao.com\/wp-content\/uploads\/2025\/06\/Manutencao-e-Reabilitacao-de-edificios.png 1350w\" sizes=\"(max-width: 800px) 100vw, 800px\" \/>\t\t\t\t\t\t\t\t\t\t\t\t\t\t\t<\/div>\n\t\t\t\t<\/div>\n\t\t\t\t<\/div>\n\t\t\t\t\t<\/div>\n\t\t\t\t<\/div>\n\t\t\t\t<\/div>\n\t\t","protected":false},"excerpt":{"rendered":"<p>O NOSSO UNICO QUASE, \u00c9 QUASE PERFEITO Buscamos excel\u00eancia em tudo aquilo que fazemos e nossos servi\u00e7os s\u00e3o a prova ideal disso, queremos chegar o mais perto possivel da perfei\u00e7\u00e3o. Engenharia e Constru\u00e7\u00e3o Civil Planejamento e execu\u00e7\u00e3o deprojetos residenciais,comerciais e industriais; Foco na qualidade, inova\u00e7\u00e3o econformidade com as normast\u00e9cnicas e ambientais; Uso de materiais e t\u00e9cnicas deconstru\u00e7\u00e3o sustent\u00e1veis Infraestruturas e Obras P\u00fablicas Execu\u00e7\u00e3o de projetos de saneamento, pavimenta\u00e7\u00e3o e obras vi\u00e1rias. Desenvolvimento urbano e melhoria da qualidade de vida; Solu\u00e7\u00f5es para infraestruturas de grande porte; Manuten\u00e7\u00e3o e Reablita\u00e7\u00e3o de edificios Diagn\u00f3stico e refor\u00e7o estrutural de edificios; Moderniza\u00e7\u00e3o e reabilita\u00e7\u00e3o de infraestruturas; Grantia de maior longevidade e seguran\u00e7a das constru\u00e7\u00f5es.<\/p>\n","protected":false},"author":1,"featured_media":0,"parent":0,"menu_order":0,"comment_status":"closed","ping_status":"closed","template":"elementor_header_footer","meta":{"footnotes":""},"class_list":["post-15","page","type-page","status-publish","hentry"],"_links":{"self":[{"href":"https:\/\/foa-ao.com\/index.php\/wp-json\/wp\/v2\/pages\/15","targetHints":{"allow":["GET"]}}],"collection":[{"href":"https:\/\/foa-ao.com\/index.php\/wp-json\/wp\/v2\/pages"}],"about":[{"href":"https:\/\/foa-ao.com\/index.php\/wp-json\/wp\/v2\/types\/page"}],"author":[{"embeddable":true,"href":"https:\/\/foa-ao.com\/index.php\/wp-json\/wp\/v2\/users\/1"}],"replies":[{"embeddable":true,"href":"https:\/\/foa-ao.com\/index.php\/wp-json\/wp\/v2\/comments?post=15"}],"version-history":[{"count":46,"href":"https:\/\/foa-ao.com\/index.php\/wp-json\/wp\/v2\/pages\/15\/revisions"}],"predecessor-version":[{"id":399,"href":"https:\/\/foa-ao.com\/index.php\/wp-json\/wp\/v2\/pages\/15\/revisions\/399"}],"wp:attachment":[{"href":"https:\/\/foa-ao.com\/index.php\/wp-json\/wp\/v2\/media?parent=15"}],"curies":[{"name":"wp","href":"https:\/\/api.w.org\/{rel}","templated":true}]}}